{"id":942,"date":"2026-03-13T11:53:50","date_gmt":"2026-03-13T11:53:50","guid":{"rendered":"https:\/\/navisence.ch\/?page_id=942"},"modified":"2026-03-13T11:53:50","modified_gmt":"2026-03-13T11:53:50","slug":"2021-2","status":"publish","type":"page","link":"https:\/\/navisence.ch\/index.php\/2021-2\/","title":{"rendered":"2021"},"content":{"rendered":"\n<p>Le tableau ci-dessous liste les crues qui se sont produites en 2021 dont le d\u00e9bit a d\u00e9pass\u00e9 20 m<sup>3<\/sup>\/s. Pour chaque crue, le d\u00e9bit maximum et la dur\u00e9e pendant laquelle le d\u00e9bit a d\u00e9pass\u00e9 20 m<sup>3<\/sup>\/s sont mentionn\u00e9s. La derni\u00e8re colonne pr\u00e9sente les changements g\u00e9omorphologiques observ\u00e9s entre certaines dates sous la forme \u00ab\u00a0mois.jour vs mois.jour\u00a0\u00bb.<\/p>\n\n\n\n<figure class=\"wp-block-table is-style-stripes\"><table><tbody><tr><td><strong>N<\/strong><\/td><td class=\"has-text-align-left\" data-align=\"left\"><strong>Date<\/strong><\/td><td class=\"has-text-align-right\" data-align=\"right\"><strong><strong>Q<sub>max<\/sub> (m<sup>3<\/sup>\/s)<\/strong><\/strong><\/td><td class=\"has-text-align-right\" data-align=\"right\"><strong>Q &gt; 20 m<sup>3<\/sup>\/s<\/strong> <strong>(h)<\/strong><\/td><td class=\"has-text-align-right\" data-align=\"right\"><strong><strong>\u00c9<\/strong>volution du lit<\/strong><\/td><\/tr><tr><td>1<\/td><td class=\"has-text-align-left\" data-align=\"left\">2021.06.17<\/td><td class=\"has-text-align-right\" data-align=\"right\">21<\/td><td class=\"has-text-align-right\" data-align=\"right\">2<\/td><td class=\"has-text-align-right\" data-align=\"right\">&#8211;<\/td><\/tr><tr><td>2<\/td><td class=\"has-text-align-left\" data-align=\"left\">2021.06.18<\/td><td class=\"has-text-align-right\" data-align=\"right\">24<\/td><td class=\"has-text-align-right\" data-align=\"right\">3<\/td><td class=\"has-text-align-right\" data-align=\"right\">&#8211;<\/td><\/tr><tr><td>3<\/td><td class=\"has-text-align-left\" data-align=\"left\">2021.06.20<\/td><td class=\"has-text-align-right\" data-align=\"right\">22<\/td><td class=\"has-text-align-right\" data-align=\"right\">2<\/td><td class=\"has-text-align-right\" data-align=\"right\">06.30 vs 06.01<\/td><\/tr><tr><td>4<\/td><td class=\"has-text-align-left\" data-align=\"left\">2021.07.08<\/td><td class=\"has-text-align-right\" data-align=\"right\">24<\/td><td class=\"has-text-align-right\" data-align=\"right\">1<\/td><td class=\"has-text-align-right\" data-align=\"right\">&#8211;<\/td><\/tr><tr><td>5<\/td><td class=\"has-text-align-left\" data-align=\"left\">2021.07.08<\/td><td class=\"has-text-align-right\" data-align=\"right\">24<\/td><td class=\"has-text-align-right\" data-align=\"right\">4<\/td><td class=\"has-text-align-right\" data-align=\"right\">&#8211;<\/td><\/tr><tr><td>6<\/td><td class=\"has-text-align-left\" data-align=\"left\">2021.07.13<\/td><td class=\"has-text-align-right\" data-align=\"right\">27<\/td><td class=\"has-text-align-right\" data-align=\"right\">8<\/td><td class=\"has-text-align-right\" data-align=\"right\">07.14 vs 06.30<\/td><\/tr><\/tbody><\/table><figcaption class=\"wp-element-caption\">Crues saisonni\u00e8res dont le d\u00e9bit a d\u00e9pass\u00e9 20 m<sup>3<\/sup>\/s sur la Navisence (2021), d&rsquo;apr\u00e8s les mesures de la station communale de Zinal.<\/figcaption><\/figure>\n\n\n\n<p><\/p>\n","protected":false},"excerpt":{"rendered":"<p>Le tableau ci-dessous liste les crues qui se sont produites en 2021 dont le d\u00e9bit a d\u00e9pass\u00e9 20 m3\/s. Pour chaque crue, le d\u00e9bit maximum et la dur\u00e9e pendant laquelle le d\u00e9bit a d\u00e9pass\u00e9 20 m3\/s sont mentionn\u00e9s. La derni\u00e8re colonne pr\u00e9sente les changements g\u00e9omorphologiques observ\u00e9s entre certaines dates sous la forme \u00ab\u00a0mois.jour vs mois.jour\u00a0\u00bb. &hellip; <\/p>\n<p class=\"link-more\"><a href=\"https:\/\/navisence.ch\/index.php\/2021-2\/\" class=\"more-link\">Continuer la lecture<span class=\"screen-reader-text\"> de &laquo;&nbsp;2021&nbsp;&raquo;<\/span><\/a><\/p>\n","protected":false},"author":1,"featured_media":0,"parent":0,"menu_order":0,"comment_status":"closed","ping_status":"closed","template":"","meta":{"_vp_format_video_url":"","_vp_image_focal_point":[],"footnotes":""},"class_list":["post-942","page","type-page","status-publish","hentry"],"_links":{"self":[{"href":"https:\/\/navisence.ch\/index.php\/wp-json\/wp\/v2\/pages\/942","targetHints":{"allow":["GET"]}}],"collection":[{"href":"https:\/\/navisence.ch\/index.php\/wp-json\/wp\/v2\/pages"}],"about":[{"href":"https:\/\/navisence.ch\/index.php\/wp-json\/wp\/v2\/types\/page"}],"author":[{"embeddable":true,"href":"https:\/\/navisence.ch\/index.php\/wp-json\/wp\/v2\/users\/1"}],"replies":[{"embeddable":true,"href":"https:\/\/navisence.ch\/index.php\/wp-json\/wp\/v2\/comments?post=942"}],"version-history":[{"count":1,"href":"https:\/\/navisence.ch\/index.php\/wp-json\/wp\/v2\/pages\/942\/revisions"}],"predecessor-version":[{"id":944,"href":"https:\/\/navisence.ch\/index.php\/wp-json\/wp\/v2\/pages\/942\/revisions\/944"}],"wp:attachment":[{"href":"https:\/\/navisence.ch\/index.php\/wp-json\/wp\/v2\/media?parent=942"}],"curies":[{"name":"wp","href":"https:\/\/api.w.org\/{rel}","templated":true}]}}