{"id":690,"date":"2024-07-23T14:11:58","date_gmt":"2024-07-23T14:11:58","guid":{"rendered":"https:\/\/navisence.ch\/?page_id=690"},"modified":"2024-07-24T13:46:26","modified_gmt":"2024-07-24T13:46:26","slug":"glacier-de-zinal","status":"publish","type":"page","link":"https:\/\/navisence.ch\/index.php\/galerie\/glacier-de-zinal\/","title":{"rendered":"Glacier de Zinal"},"content":{"rendered":"\n<p>Photos prises \u00e0 proximit\u00e9 du glacier de Zinal. Nous effectuons \u00e9galement des relev\u00e9s topographiques de la Navisence de la sortie du glacier de Zinal jusqu&rsquo;au pont Arpitettaz.<\/p>\n\n\n\n<div id='gallery-1' class='gallery galleryid-0 gallery-columns-3 gallery-size-thumbnail'><figure class='gallery-item'>\n\t\t\t<div class='gallery-icon landscape'>\n\t\t\t\t<a href='https:\/\/navisence.ch\/653\/'><img loading=\"lazy\" decoding=\"async\" width=\"150\" height=\"100\" src=\"https:\/\/navisence.ch\/wp-content\/uploads\/2024\/07\/DJI_0116.jpg\" class=\"attachment-thumbnail size-thumbnail\" alt=\"\" srcset=\"https:\/\/navisence.ch\/wp-content\/uploads\/2024\/07\/DJI_0116.jpg 3000w, https:\/\/navisence.ch\/wp-content\/uploads\/2024\/07\/DJI_0116-500x333.jpg 500w, https:\/\/navisence.ch\/wp-content\/uploads\/2024\/07\/DJI_0116-800x533.jpg 800w, https:\/\/navisence.ch\/wp-content\/uploads\/2024\/07\/DJI_0116-1280x853.jpg 1280w, https:\/\/navisence.ch\/wp-content\/uploads\/2024\/07\/DJI_0116-1920x1279.jpg 1920w\" sizes=\"auto, 100vw\" \/><\/a>\n\t\t\t<\/div><\/figure><figure class='gallery-item'>\n\t\t\t<div class='gallery-icon landscape'>\n\t\t\t\t<a href='https:\/\/navisence.ch\/654\/'><img loading=\"lazy\" decoding=\"async\" width=\"150\" height=\"100\" src=\"https:\/\/navisence.ch\/wp-content\/uploads\/2024\/07\/D72_5443.jpg\" class=\"attachment-thumbnail size-thumbnail\" alt=\"\" srcset=\"https:\/\/navisence.ch\/wp-content\/uploads\/2024\/07\/D72_5443.jpg 3000w, https:\/\/navisence.ch\/wp-content\/uploads\/2024\/07\/D72_5443-500x333.jpg 500w, https:\/\/navisence.ch\/wp-content\/uploads\/2024\/07\/D72_5443-800x533.jpg 800w, https:\/\/navisence.ch\/wp-content\/uploads\/2024\/07\/D72_5443-1280x853.jpg 1280w, https:\/\/navisence.ch\/wp-content\/uploads\/2024\/07\/D72_5443-1920x1280.jpg 1920w\" sizes=\"auto, 100vw\" \/><\/a>\n\t\t\t<\/div><\/figure><figure class='gallery-item'>\n\t\t\t<div class='gallery-icon landscape'>\n\t\t\t\t<a href='https:\/\/navisence.ch\/655\/'><img loading=\"lazy\" decoding=\"async\" width=\"150\" height=\"100\" src=\"https:\/\/navisence.ch\/wp-content\/uploads\/2024\/07\/DJI_0623.jpg\" class=\"attachment-thumbnail size-thumbnail\" alt=\"\" srcset=\"https:\/\/navisence.ch\/wp-content\/uploads\/2024\/07\/DJI_0623.jpg 3000w, https:\/\/navisence.ch\/wp-content\/uploads\/2024\/07\/DJI_0623-500x333.jpg 500w, https:\/\/navisence.ch\/wp-content\/uploads\/2024\/07\/DJI_0623-800x533.jpg 800w, https:\/\/navisence.ch\/wp-content\/uploads\/2024\/07\/DJI_0623-1280x853.jpg 1280w, https:\/\/navisence.ch\/wp-content\/uploads\/2024\/07\/DJI_0623-1920x1279.jpg 1920w\" sizes=\"auto, 100vw\" \/><\/a>\n\t\t\t<\/div><\/figure><figure class='gallery-item'>\n\t\t\t<div class='gallery-icon landscape'>\n\t\t\t\t<a href='https:\/\/navisence.ch\/656\/'><img loading=\"lazy\" decoding=\"async\" width=\"150\" height=\"100\" src=\"https:\/\/navisence.ch\/wp-content\/uploads\/2024\/07\/DJI_0652.jpg\" class=\"attachment-thumbnail size-thumbnail\" alt=\"\" srcset=\"https:\/\/navisence.ch\/wp-content\/uploads\/2024\/07\/DJI_0652.jpg 3000w, https:\/\/navisence.ch\/wp-content\/uploads\/2024\/07\/DJI_0652-500x333.jpg 500w, https:\/\/navisence.ch\/wp-content\/uploads\/2024\/07\/DJI_0652-800x533.jpg 800w, https:\/\/navisence.ch\/wp-content\/uploads\/2024\/07\/DJI_0652-1280x853.jpg 1280w, https:\/\/navisence.ch\/wp-content\/uploads\/2024\/07\/DJI_0652-1920x1279.jpg 1920w\" sizes=\"auto, 100vw\" \/><\/a>\n\t\t\t<\/div><\/figure><figure class='gallery-item'>\n\t\t\t<div class='gallery-icon portrait'>\n\t\t\t\t<a href='https:\/\/navisence.ch\/657\/'><img loading=\"lazy\" decoding=\"async\" width=\"120\" height=\"150\" src=\"https:\/\/navisence.ch\/wp-content\/uploads\/2024\/07\/D72_5547.jpg\" class=\"attachment-thumbnail size-thumbnail\" alt=\"\" srcset=\"https:\/\/navisence.ch\/wp-content\/uploads\/2024\/07\/D72_5547.jpg 2400w, https:\/\/navisence.ch\/wp-content\/uploads\/2024\/07\/D72_5547-500x625.jpg 500w, https:\/\/navisence.ch\/wp-content\/uploads\/2024\/07\/D72_5547-800x1000.jpg 800w, https:\/\/navisence.ch\/wp-content\/uploads\/2024\/07\/D72_5547-1280x1600.jpg 1280w, https:\/\/navisence.ch\/wp-content\/uploads\/2024\/07\/D72_5547-1920x2400.jpg 1920w\" sizes=\"auto, 100vw\" \/><\/a>\n\t\t\t<\/div><\/figure><figure class='gallery-item'>\n\t\t\t<div class='gallery-icon landscape'>\n\t\t\t\t<a href='https:\/\/navisence.ch\/658\/'><img loading=\"lazy\" decoding=\"async\" width=\"150\" height=\"137\" src=\"https:\/\/navisence.ch\/wp-content\/uploads\/2024\/07\/DJI_0131-Panorama.jpg\" class=\"attachment-thumbnail size-thumbnail\" alt=\"\" aria-describedby=\"gallery-1-658\" srcset=\"https:\/\/navisence.ch\/wp-content\/uploads\/2024\/07\/DJI_0131-Panorama.jpg 3000w, https:\/\/navisence.ch\/wp-content\/uploads\/2024\/07\/DJI_0131-Panorama-500x458.jpg 500w, https:\/\/navisence.ch\/wp-content\/uploads\/2024\/07\/DJI_0131-Panorama-800x733.jpg 800w, https:\/\/navisence.ch\/wp-content\/uploads\/2024\/07\/DJI_0131-Panorama-1280x1172.jpg 1280w, https:\/\/navisence.ch\/wp-content\/uploads\/2024\/07\/DJI_0131-Panorama-1920x1758.jpg 1920w\" sizes=\"auto, 100vw\" \/><\/a>\n\t\t\t<\/div>\n\t\t\t\t<figcaption class='wp-caption-text gallery-caption' id='gallery-1-658'>\n\t\t\t\tDCIM\\100MEDIA\\DJI_0131.JPG\n\t\t\t\t<\/figcaption><\/figure><figure class='gallery-item'>\n\t\t\t<div class='gallery-icon portrait'>\n\t\t\t\t<a href='https:\/\/navisence.ch\/659\/'><img loading=\"lazy\" decoding=\"async\" width=\"120\" height=\"150\" src=\"https:\/\/navisence.ch\/wp-content\/uploads\/2024\/07\/DSC01414.jpg\" class=\"attachment-thumbnail size-thumbnail\" alt=\"\" srcset=\"https:\/\/navisence.ch\/wp-content\/uploads\/2024\/07\/DSC01414.jpg 2400w, https:\/\/navisence.ch\/wp-content\/uploads\/2024\/07\/DSC01414-500x625.jpg 500w, https:\/\/navisence.ch\/wp-content\/uploads\/2024\/07\/DSC01414-800x1000.jpg 800w, https:\/\/navisence.ch\/wp-content\/uploads\/2024\/07\/DSC01414-1280x1600.jpg 1280w, https:\/\/navisence.ch\/wp-content\/uploads\/2024\/07\/DSC01414-1920x2400.jpg 1920w\" sizes=\"auto, 100vw\" \/><\/a>\n\t\t\t<\/div><\/figure><figure class='gallery-item'>\n\t\t\t<div class='gallery-icon landscape'>\n\t\t\t\t<a href='https:\/\/navisence.ch\/660\/'><img loading=\"lazy\" decoding=\"async\" width=\"150\" height=\"100\" src=\"https:\/\/navisence.ch\/wp-content\/uploads\/2024\/07\/DJI_0056.jpg\" class=\"attachment-thumbnail size-thumbnail\" alt=\"\" srcset=\"https:\/\/navisence.ch\/wp-content\/uploads\/2024\/07\/DJI_0056.jpg 3000w, https:\/\/navisence.ch\/wp-content\/uploads\/2024\/07\/DJI_0056-500x333.jpg 500w, https:\/\/navisence.ch\/wp-content\/uploads\/2024\/07\/DJI_0056-800x533.jpg 800w, https:\/\/navisence.ch\/wp-content\/uploads\/2024\/07\/DJI_0056-1280x853.jpg 1280w, https:\/\/navisence.ch\/wp-content\/uploads\/2024\/07\/DJI_0056-1920x1279.jpg 1920w\" sizes=\"auto, 100vw\" \/><\/a>\n\t\t\t<\/div><\/figure><figure class='gallery-item'>\n\t\t\t<div class='gallery-icon landscape'>\n\t\t\t\t<a href='https:\/\/navisence.ch\/661\/'><img loading=\"lazy\" decoding=\"async\" width=\"150\" height=\"100\" src=\"https:\/\/navisence.ch\/wp-content\/uploads\/2024\/07\/DJI_0463.jpg\" class=\"attachment-thumbnail size-thumbnail\" alt=\"\" srcset=\"https:\/\/navisence.ch\/wp-content\/uploads\/2024\/07\/DJI_0463.jpg 3000w, https:\/\/navisence.ch\/wp-content\/uploads\/2024\/07\/DJI_0463-500x333.jpg 500w, https:\/\/navisence.ch\/wp-content\/uploads\/2024\/07\/DJI_0463-800x533.jpg 800w, https:\/\/navisence.ch\/wp-content\/uploads\/2024\/07\/DJI_0463-1280x853.jpg 1280w, https:\/\/navisence.ch\/wp-content\/uploads\/2024\/07\/DJI_0463-1920x1279.jpg 1920w\" sizes=\"auto, 100vw\" \/><\/a>\n\t\t\t<\/div><\/figure><figure class='gallery-item'>\n\t\t\t<div class='gallery-icon landscape'>\n\t\t\t\t<a href='https:\/\/navisence.ch\/662\/'><img loading=\"lazy\" decoding=\"async\" width=\"150\" height=\"100\" src=\"https:\/\/navisence.ch\/wp-content\/uploads\/2024\/07\/DJI_0472.jpg\" class=\"attachment-thumbnail size-thumbnail\" alt=\"\" srcset=\"https:\/\/navisence.ch\/wp-content\/uploads\/2024\/07\/DJI_0472.jpg 3000w, https:\/\/navisence.ch\/wp-content\/uploads\/2024\/07\/DJI_0472-500x333.jpg 500w, https:\/\/navisence.ch\/wp-content\/uploads\/2024\/07\/DJI_0472-800x533.jpg 800w, https:\/\/navisence.ch\/wp-content\/uploads\/2024\/07\/DJI_0472-1280x853.jpg 1280w, https:\/\/navisence.ch\/wp-content\/uploads\/2024\/07\/DJI_0472-1920x1279.jpg 1920w\" sizes=\"auto, 100vw\" \/><\/a>\n\t\t\t<\/div><\/figure><figure class='gallery-item'>\n\t\t\t<div class='gallery-icon portrait'>\n\t\t\t\t<a href='https:\/\/navisence.ch\/663\/'><img loading=\"lazy\" decoding=\"async\" width=\"120\" height=\"150\" src=\"https:\/\/navisence.ch\/wp-content\/uploads\/2024\/07\/DJI_0842.jpg\" class=\"attachment-thumbnail size-thumbnail\" alt=\"\" aria-describedby=\"gallery-1-663\" srcset=\"https:\/\/navisence.ch\/wp-content\/uploads\/2024\/07\/DJI_0842.jpg 2400w, https:\/\/navisence.ch\/wp-content\/uploads\/2024\/07\/DJI_0842-500x625.jpg 500w, https:\/\/navisence.ch\/wp-content\/uploads\/2024\/07\/DJI_0842-800x1000.jpg 800w, https:\/\/navisence.ch\/wp-content\/uploads\/2024\/07\/DJI_0842-1280x1600.jpg 1280w, https:\/\/navisence.ch\/wp-content\/uploads\/2024\/07\/DJI_0842-1920x2400.jpg 1920w\" sizes=\"auto, 100vw\" \/><\/a>\n\t\t\t<\/div>\n\t\t\t\t<figcaption class='wp-caption-text gallery-caption' id='gallery-1-663'>\n\t\t\t\tDCIM\\100MEDIA\\DJI_0842.JPG\n\t\t\t\t<\/figcaption><\/figure><figure class='gallery-item'>\n\t\t\t<div class='gallery-icon landscape'>\n\t\t\t\t<a href='https:\/\/navisence.ch\/664\/'><img loading=\"lazy\" decoding=\"async\" width=\"150\" height=\"100\" src=\"https:\/\/navisence.ch\/wp-content\/uploads\/2024\/07\/DSC_0598.jpg\" class=\"attachment-thumbnail size-thumbnail\" alt=\"\" srcset=\"https:\/\/navisence.ch\/wp-content\/uploads\/2024\/07\/DSC_0598.jpg 3000w, https:\/\/navisence.ch\/wp-content\/uploads\/2024\/07\/DSC_0598-500x333.jpg 500w, https:\/\/navisence.ch\/wp-content\/uploads\/2024\/07\/DSC_0598-800x533.jpg 800w, https:\/\/navisence.ch\/wp-content\/uploads\/2024\/07\/DSC_0598-1280x853.jpg 1280w, https:\/\/navisence.ch\/wp-content\/uploads\/2024\/07\/DSC_0598-1920x1280.jpg 1920w\" sizes=\"auto, 100vw\" \/><\/a>\n\t\t\t<\/div><\/figure><figure class='gallery-item'>\n\t\t\t<div class='gallery-icon landscape'>\n\t\t\t\t<a href='https:\/\/navisence.ch\/665\/'><img loading=\"lazy\" decoding=\"async\" width=\"150\" height=\"100\" src=\"https:\/\/navisence.ch\/wp-content\/uploads\/2024\/07\/DJI_0024.jpg\" class=\"attachment-thumbnail size-thumbnail\" alt=\"\" srcset=\"https:\/\/navisence.ch\/wp-content\/uploads\/2024\/07\/DJI_0024.jpg 3000w, https:\/\/navisence.ch\/wp-content\/uploads\/2024\/07\/DJI_0024-500x333.jpg 500w, https:\/\/navisence.ch\/wp-content\/uploads\/2024\/07\/DJI_0024-800x533.jpg 800w, https:\/\/navisence.ch\/wp-content\/uploads\/2024\/07\/DJI_0024-1280x853.jpg 1280w, https:\/\/navisence.ch\/wp-content\/uploads\/2024\/07\/DJI_0024-1920x1279.jpg 1920w\" sizes=\"auto, 100vw\" \/><\/a>\n\t\t\t<\/div><\/figure><figure class='gallery-item'>\n\t\t\t<div class='gallery-icon landscape'>\n\t\t\t\t<a href='https:\/\/navisence.ch\/666\/'><img loading=\"lazy\" decoding=\"async\" width=\"150\" height=\"100\" src=\"https:\/\/navisence.ch\/wp-content\/uploads\/2024\/07\/DJI_0026.jpg\" class=\"attachment-thumbnail size-thumbnail\" alt=\"\" srcset=\"https:\/\/navisence.ch\/wp-content\/uploads\/2024\/07\/DJI_0026.jpg 3000w, https:\/\/navisence.ch\/wp-content\/uploads\/2024\/07\/DJI_0026-500x333.jpg 500w, https:\/\/navisence.ch\/wp-content\/uploads\/2024\/07\/DJI_0026-800x533.jpg 800w, https:\/\/navisence.ch\/wp-content\/uploads\/2024\/07\/DJI_0026-1280x853.jpg 1280w, https:\/\/navisence.ch\/wp-content\/uploads\/2024\/07\/DJI_0026-1920x1279.jpg 1920w\" sizes=\"auto, 100vw\" \/><\/a>\n\t\t\t<\/div><\/figure><figure class='gallery-item'>\n\t\t\t<div class='gallery-icon portrait'>\n\t\t\t\t<a href='https:\/\/navisence.ch\/667\/'><img loading=\"lazy\" decoding=\"async\" width=\"120\" height=\"150\" src=\"https:\/\/navisence.ch\/wp-content\/uploads\/2024\/07\/DJI_0596.jpg\" class=\"attachment-thumbnail size-thumbnail\" alt=\"\" srcset=\"https:\/\/navisence.ch\/wp-content\/uploads\/2024\/07\/DJI_0596.jpg 2400w, https:\/\/navisence.ch\/wp-content\/uploads\/2024\/07\/DJI_0596-500x625.jpg 500w, https:\/\/navisence.ch\/wp-content\/uploads\/2024\/07\/DJI_0596-800x1000.jpg 800w, https:\/\/navisence.ch\/wp-content\/uploads\/2024\/07\/DJI_0596-1280x1600.jpg 1280w, https:\/\/navisence.ch\/wp-content\/uploads\/2024\/07\/DJI_0596-1920x2400.jpg 1920w\" sizes=\"auto, 100vw\" \/><\/a>\n\t\t\t<\/div><\/figure><figure class='gallery-item'>\n\t\t\t<div class='gallery-icon landscape'>\n\t\t\t\t<a href='https:\/\/navisence.ch\/668\/'><img loading=\"lazy\" decoding=\"async\" width=\"150\" height=\"100\" src=\"https:\/\/navisence.ch\/wp-content\/uploads\/2024\/07\/DJI_0607.jpg\" class=\"attachment-thumbnail size-thumbnail\" alt=\"\" srcset=\"https:\/\/navisence.ch\/wp-content\/uploads\/2024\/07\/DJI_0607.jpg 3000w, https:\/\/navisence.ch\/wp-content\/uploads\/2024\/07\/DJI_0607-500x333.jpg 500w, https:\/\/navisence.ch\/wp-content\/uploads\/2024\/07\/DJI_0607-800x533.jpg 800w, https:\/\/navisence.ch\/wp-content\/uploads\/2024\/07\/DJI_0607-1280x853.jpg 1280w, https:\/\/navisence.ch\/wp-content\/uploads\/2024\/07\/DJI_0607-1920x1280.jpg 1920w\" sizes=\"auto, 100vw\" \/><\/a>\n\t\t\t<\/div><\/figure><figure class='gallery-item'>\n\t\t\t<div class='gallery-icon portrait'>\n\t\t\t\t<a href='https:\/\/navisence.ch\/669\/'><img loading=\"lazy\" decoding=\"async\" width=\"120\" height=\"150\" src=\"https:\/\/navisence.ch\/wp-content\/uploads\/2024\/07\/DJI_0617.jpg\" class=\"attachment-thumbnail size-thumbnail\" alt=\"\" srcset=\"https:\/\/navisence.ch\/wp-content\/uploads\/2024\/07\/DJI_0617.jpg 2400w, https:\/\/navisence.ch\/wp-content\/uploads\/2024\/07\/DJI_0617-500x625.jpg 500w, https:\/\/navisence.ch\/wp-content\/uploads\/2024\/07\/DJI_0617-800x1000.jpg 800w, https:\/\/navisence.ch\/wp-content\/uploads\/2024\/07\/DJI_0617-1280x1600.jpg 1280w, https:\/\/navisence.ch\/wp-content\/uploads\/2024\/07\/DJI_0617-1920x2400.jpg 1920w\" sizes=\"auto, 100vw\" \/><\/a>\n\t\t\t<\/div><\/figure>\n\t\t<\/div>\n\n\n\n\n<hr class=\"wp-block-separator has-alpha-channel-opacity\"\/>\n\n\n\n<p>La vid\u00e9o ci-dessous fournit une indication sur le recul du glacier de Zinal (2065&nbsp;m d&rsquo;altitude) en l&rsquo;espace de <strong>cinq ans<\/strong>, de juin 2019 \u00e0 juin 2024. La distance mesur\u00e9e de <strong>68&nbsp;m<\/strong> correspond \u00e0 la distance moyenne entre les traits rouge et bleu.<\/p>\n\n\n\n<figure class=\"wp-block-embed is-type-video is-provider-youtube wp-block-embed-youtube wp-embed-aspect-16-9 wp-has-aspect-ratio\"><div class=\"wp-block-embed__wrapper\">\n<iframe loading=\"lazy\" title=\"Zinal Glacier - Timelapse 2019-2024\" width=\"525\" height=\"295\" src=\"https:\/\/www.youtube.com\/embed\/D2FuwBMxLI4?feature=oembed\" frameborder=\"0\" allow=\"accelerometer; autoplay; clipboard-write; encrypted-media; gyroscope; picture-in-picture; web-share\" referrerpolicy=\"strict-origin-when-cross-origin\" allowfullscreen><\/iframe>\n<\/div><\/figure>\n","protected":false},"excerpt":{"rendered":"<p>Photos prises \u00e0 proximit\u00e9 du glacier de Zinal. Nous effectuons \u00e9galement des relev\u00e9s topographiques de la Navisence de la sortie du glacier de Zinal jusqu&rsquo;au pont Arpitettaz. La vid\u00e9o ci-dessous fournit une indication sur le recul du glacier de Zinal (2065&nbsp;m d&rsquo;altitude) en l&rsquo;espace de cinq ans, de juin 2019 \u00e0 juin 2024. La distance &hellip; <\/p>\n<p class=\"link-more\"><a href=\"https:\/\/navisence.ch\/index.php\/galerie\/glacier-de-zinal\/\" class=\"more-link\">Continuer la lecture<span class=\"screen-reader-text\"> de &laquo;&nbsp;Glacier de Zinal&nbsp;&raquo;<\/span><\/a><\/p>\n","protected":false},"author":1,"featured_media":0,"parent":249,"menu_order":0,"comment_status":"closed","ping_status":"closed","template":"","meta":{"_vp_format_video_url":"","_vp_image_focal_point":[],"footnotes":""},"class_list":["post-690","page","type-page","status-publish","hentry"],"_links":{"self":[{"href":"https:\/\/navisence.ch\/index.php\/wp-json\/wp\/v2\/pages\/690","targetHints":{"allow":["GET"]}}],"collection":[{"href":"https:\/\/navisence.ch\/index.php\/wp-json\/wp\/v2\/pages"}],"about":[{"href":"https:\/\/navisence.ch\/index.php\/wp-json\/wp\/v2\/types\/page"}],"author":[{"embeddable":true,"href":"https:\/\/navisence.ch\/index.php\/wp-json\/wp\/v2\/users\/1"}],"replies":[{"embeddable":true,"href":"https:\/\/navisence.ch\/index.php\/wp-json\/wp\/v2\/comments?post=690"}],"version-history":[{"count":5,"href":"https:\/\/navisence.ch\/index.php\/wp-json\/wp\/v2\/pages\/690\/revisions"}],"predecessor-version":[{"id":733,"href":"https:\/\/navisence.ch\/index.php\/wp-json\/wp\/v2\/pages\/690\/revisions\/733"}],"up":[{"embeddable":true,"href":"https:\/\/navisence.ch\/index.php\/wp-json\/wp\/v2\/pages\/249"}],"wp:attachment":[{"href":"https:\/\/navisence.ch\/index.php\/wp-json\/wp\/v2\/media?parent=690"}],"curies":[{"name":"wp","href":"https:\/\/api.w.org\/{rel}","templated":true}]}}