{"id":682,"date":"2024-07-23T14:12:39","date_gmt":"2024-07-23T14:12:39","guid":{"rendered":"https:\/\/navisence.ch\/?page_id=682"},"modified":"2024-07-23T14:23:00","modified_gmt":"2024-07-23T14:23:00","slug":"crue-2018","status":"publish","type":"page","link":"https:\/\/navisence.ch\/index.php\/galerie\/crue-2018\/","title":{"rendered":"Crue 2018"},"content":{"rendered":"\n<p>Photos prises aux Plats de la L\u00e9 apr\u00e8s la crue exceptionnelle du 2 juillet 2018.<\/p>\n\n\n\n<div id='gallery-1' class='gallery galleryid-0 gallery-columns-3 gallery-size-thumbnail'><figure class='gallery-item'>\n\t\t\t<div class='gallery-icon landscape'>\n\t\t\t\t<a href='https:\/\/navisence.ch\/685\/'><img loading=\"lazy\" decoding=\"async\" width=\"150\" height=\"100\" src=\"https:\/\/navisence.ch\/wp-content\/uploads\/2024\/07\/DSC_1839.jpg\" class=\"attachment-thumbnail size-thumbnail\" alt=\"\" srcset=\"https:\/\/navisence.ch\/wp-content\/uploads\/2024\/07\/DSC_1839.jpg 3000w, https:\/\/navisence.ch\/wp-content\/uploads\/2024\/07\/DSC_1839-500x333.jpg 500w, https:\/\/navisence.ch\/wp-content\/uploads\/2024\/07\/DSC_1839-800x533.jpg 800w, https:\/\/navisence.ch\/wp-content\/uploads\/2024\/07\/DSC_1839-1280x853.jpg 1280w, https:\/\/navisence.ch\/wp-content\/uploads\/2024\/07\/DSC_1839-1920x1280.jpg 1920w\" sizes=\"auto, 100vw\" \/><\/a>\n\t\t\t<\/div><\/figure><figure class='gallery-item'>\n\t\t\t<div class='gallery-icon landscape'>\n\t\t\t\t<a href='https:\/\/navisence.ch\/686\/'><img loading=\"lazy\" decoding=\"async\" width=\"150\" height=\"100\" src=\"https:\/\/navisence.ch\/wp-content\/uploads\/2024\/07\/DJI_0107.jpg\" class=\"attachment-thumbnail size-thumbnail\" alt=\"\" srcset=\"https:\/\/navisence.ch\/wp-content\/uploads\/2024\/07\/DJI_0107.jpg 3000w, https:\/\/navisence.ch\/wp-content\/uploads\/2024\/07\/DJI_0107-500x333.jpg 500w, https:\/\/navisence.ch\/wp-content\/uploads\/2024\/07\/DJI_0107-800x533.jpg 800w, https:\/\/navisence.ch\/wp-content\/uploads\/2024\/07\/DJI_0107-1280x853.jpg 1280w, https:\/\/navisence.ch\/wp-content\/uploads\/2024\/07\/DJI_0107-1920x1279.jpg 1920w\" sizes=\"auto, 100vw\" \/><\/a>\n\t\t\t<\/div><\/figure><figure class='gallery-item'>\n\t\t\t<div class='gallery-icon landscape'>\n\t\t\t\t<a href='https:\/\/navisence.ch\/687\/'><img loading=\"lazy\" decoding=\"async\" width=\"150\" height=\"100\" src=\"https:\/\/navisence.ch\/wp-content\/uploads\/2024\/07\/DSC_1903.jpg\" class=\"attachment-thumbnail size-thumbnail\" alt=\"\" srcset=\"https:\/\/navisence.ch\/wp-content\/uploads\/2024\/07\/DSC_1903.jpg 3000w, https:\/\/navisence.ch\/wp-content\/uploads\/2024\/07\/DSC_1903-500x333.jpg 500w, https:\/\/navisence.ch\/wp-content\/uploads\/2024\/07\/DSC_1903-800x533.jpg 800w, https:\/\/navisence.ch\/wp-content\/uploads\/2024\/07\/DSC_1903-1280x853.jpg 1280w, https:\/\/navisence.ch\/wp-content\/uploads\/2024\/07\/DSC_1903-1920x1280.jpg 1920w\" sizes=\"auto, 100vw\" \/><\/a>\n\t\t\t<\/div><\/figure><figure class='gallery-item'>\n\t\t\t<div class='gallery-icon landscape'>\n\t\t\t\t<a href='https:\/\/navisence.ch\/688\/'><img loading=\"lazy\" decoding=\"async\" width=\"150\" height=\"100\" src=\"https:\/\/navisence.ch\/wp-content\/uploads\/2024\/07\/DSC_1909.jpg\" class=\"attachment-thumbnail size-thumbnail\" alt=\"\" srcset=\"https:\/\/navisence.ch\/wp-content\/uploads\/2024\/07\/DSC_1909.jpg 3000w, https:\/\/navisence.ch\/wp-content\/uploads\/2024\/07\/DSC_1909-500x333.jpg 500w, https:\/\/navisence.ch\/wp-content\/uploads\/2024\/07\/DSC_1909-800x533.jpg 800w, https:\/\/navisence.ch\/wp-content\/uploads\/2024\/07\/DSC_1909-1280x853.jpg 1280w, https:\/\/navisence.ch\/wp-content\/uploads\/2024\/07\/DSC_1909-1920x1280.jpg 1920w\" sizes=\"auto, 100vw\" \/><\/a>\n\t\t\t<\/div><\/figure><figure class='gallery-item'>\n\t\t\t<div class='gallery-icon landscape'>\n\t\t\t\t<a href='https:\/\/navisence.ch\/689\/'><img loading=\"lazy\" decoding=\"async\" width=\"150\" height=\"100\" src=\"https:\/\/navisence.ch\/wp-content\/uploads\/2024\/07\/DSC_1916.jpg\" class=\"attachment-thumbnail size-thumbnail\" alt=\"\" srcset=\"https:\/\/navisence.ch\/wp-content\/uploads\/2024\/07\/DSC_1916.jpg 3000w, https:\/\/navisence.ch\/wp-content\/uploads\/2024\/07\/DSC_1916-500x333.jpg 500w, https:\/\/navisence.ch\/wp-content\/uploads\/2024\/07\/DSC_1916-800x533.jpg 800w, https:\/\/navisence.ch\/wp-content\/uploads\/2024\/07\/DSC_1916-1280x853.jpg 1280w, https:\/\/navisence.ch\/wp-content\/uploads\/2024\/07\/DSC_1916-1920x1280.jpg 1920w\" sizes=\"auto, 100vw\" \/><\/a>\n\t\t\t<\/div><\/figure><figure class='gallery-item'>\n\t\t\t<div class='gallery-icon landscape'>\n\t\t\t\t<a href='https:\/\/navisence.ch\/691\/'><img loading=\"lazy\" decoding=\"async\" width=\"150\" height=\"100\" src=\"https:\/\/navisence.ch\/wp-content\/uploads\/2024\/07\/DSC_1917.jpg\" class=\"attachment-thumbnail size-thumbnail\" alt=\"\" srcset=\"https:\/\/navisence.ch\/wp-content\/uploads\/2024\/07\/DSC_1917.jpg 3000w, https:\/\/navisence.ch\/wp-content\/uploads\/2024\/07\/DSC_1917-500x333.jpg 500w, https:\/\/navisence.ch\/wp-content\/uploads\/2024\/07\/DSC_1917-800x533.jpg 800w, https:\/\/navisence.ch\/wp-content\/uploads\/2024\/07\/DSC_1917-1280x853.jpg 1280w, https:\/\/navisence.ch\/wp-content\/uploads\/2024\/07\/DSC_1917-1920x1280.jpg 1920w\" sizes=\"auto, 100vw\" \/><\/a>\n\t\t\t<\/div><\/figure><figure class='gallery-item'>\n\t\t\t<div class='gallery-icon landscape'>\n\t\t\t\t<a href='https:\/\/navisence.ch\/692\/'><img loading=\"lazy\" decoding=\"async\" width=\"150\" height=\"100\" src=\"https:\/\/navisence.ch\/wp-content\/uploads\/2024\/07\/DSC_1918.jpg\" class=\"attachment-thumbnail size-thumbnail\" alt=\"\" aria-describedby=\"gallery-1-692\" srcset=\"https:\/\/navisence.ch\/wp-content\/uploads\/2024\/07\/DSC_1918.jpg 3000w, https:\/\/navisence.ch\/wp-content\/uploads\/2024\/07\/DSC_1918-500x333.jpg 500w, https:\/\/navisence.ch\/wp-content\/uploads\/2024\/07\/DSC_1918-800x533.jpg 800w, https:\/\/navisence.ch\/wp-content\/uploads\/2024\/07\/DSC_1918-1280x853.jpg 1280w, https:\/\/navisence.ch\/wp-content\/uploads\/2024\/07\/DSC_1918-1920x1280.jpg 1920w\" sizes=\"auto, 100vw\" \/><\/a>\n\t\t\t<\/div>\n\t\t\t\t<figcaption class='wp-caption-text gallery-caption' id='gallery-1-692'>\n\t\t\t\tPlat de La L\u00e9\n\t\t\t\t<\/figcaption><\/figure><figure class='gallery-item'>\n\t\t\t<div class='gallery-icon landscape'>\n\t\t\t\t<a href='https:\/\/navisence.ch\/693\/'><img loading=\"lazy\" decoding=\"async\" width=\"150\" height=\"100\" src=\"https:\/\/navisence.ch\/wp-content\/uploads\/2024\/07\/DSC_1919.jpg\" class=\"attachment-thumbnail size-thumbnail\" alt=\"\" srcset=\"https:\/\/navisence.ch\/wp-content\/uploads\/2024\/07\/DSC_1919.jpg 3000w, https:\/\/navisence.ch\/wp-content\/uploads\/2024\/07\/DSC_1919-500x333.jpg 500w, https:\/\/navisence.ch\/wp-content\/uploads\/2024\/07\/DSC_1919-800x533.jpg 800w, https:\/\/navisence.ch\/wp-content\/uploads\/2024\/07\/DSC_1919-1280x853.jpg 1280w, https:\/\/navisence.ch\/wp-content\/uploads\/2024\/07\/DSC_1919-1920x1280.jpg 1920w\" sizes=\"auto, 100vw\" \/><\/a>\n\t\t\t<\/div><\/figure><figure class='gallery-item'>\n\t\t\t<div class='gallery-icon landscape'>\n\t\t\t\t<a href='https:\/\/navisence.ch\/694\/'><img loading=\"lazy\" decoding=\"async\" width=\"150\" height=\"100\" src=\"https:\/\/navisence.ch\/wp-content\/uploads\/2024\/07\/DSC_1924.jpg\" class=\"attachment-thumbnail size-thumbnail\" alt=\"\" srcset=\"https:\/\/navisence.ch\/wp-content\/uploads\/2024\/07\/DSC_1924.jpg 3000w, https:\/\/navisence.ch\/wp-content\/uploads\/2024\/07\/DSC_1924-500x333.jpg 500w, https:\/\/navisence.ch\/wp-content\/uploads\/2024\/07\/DSC_1924-800x533.jpg 800w, https:\/\/navisence.ch\/wp-content\/uploads\/2024\/07\/DSC_1924-1280x853.jpg 1280w, https:\/\/navisence.ch\/wp-content\/uploads\/2024\/07\/DSC_1924-1920x1280.jpg 1920w\" sizes=\"auto, 100vw\" \/><\/a>\n\t\t\t<\/div><\/figure><figure class='gallery-item'>\n\t\t\t<div class='gallery-icon landscape'>\n\t\t\t\t<a href='https:\/\/navisence.ch\/695\/'><img loading=\"lazy\" decoding=\"async\" width=\"150\" height=\"100\" src=\"https:\/\/navisence.ch\/wp-content\/uploads\/2024\/07\/DSC_1929.jpg\" class=\"attachment-thumbnail size-thumbnail\" alt=\"\" srcset=\"https:\/\/navisence.ch\/wp-content\/uploads\/2024\/07\/DSC_1929.jpg 3000w, https:\/\/navisence.ch\/wp-content\/uploads\/2024\/07\/DSC_1929-500x333.jpg 500w, https:\/\/navisence.ch\/wp-content\/uploads\/2024\/07\/DSC_1929-800x533.jpg 800w, https:\/\/navisence.ch\/wp-content\/uploads\/2024\/07\/DSC_1929-1280x853.jpg 1280w, https:\/\/navisence.ch\/wp-content\/uploads\/2024\/07\/DSC_1929-1920x1280.jpg 1920w\" sizes=\"auto, 100vw\" \/><\/a>\n\t\t\t<\/div><\/figure><figure class='gallery-item'>\n\t\t\t<div class='gallery-icon landscape'>\n\t\t\t\t<a href='https:\/\/navisence.ch\/696\/'><img loading=\"lazy\" decoding=\"async\" width=\"150\" height=\"100\" src=\"https:\/\/navisence.ch\/wp-content\/uploads\/2024\/07\/DSC_1973.jpg\" class=\"attachment-thumbnail size-thumbnail\" alt=\"\" srcset=\"https:\/\/navisence.ch\/wp-content\/uploads\/2024\/07\/DSC_1973.jpg 3000w, https:\/\/navisence.ch\/wp-content\/uploads\/2024\/07\/DSC_1973-500x333.jpg 500w, https:\/\/navisence.ch\/wp-content\/uploads\/2024\/07\/DSC_1973-800x533.jpg 800w, https:\/\/navisence.ch\/wp-content\/uploads\/2024\/07\/DSC_1973-1280x853.jpg 1280w, https:\/\/navisence.ch\/wp-content\/uploads\/2024\/07\/DSC_1973-1920x1280.jpg 1920w\" sizes=\"auto, 100vw\" \/><\/a>\n\t\t\t<\/div><\/figure><figure class='gallery-item'>\n\t\t\t<div class='gallery-icon landscape'>\n\t\t\t\t<a href='https:\/\/navisence.ch\/697\/'><img loading=\"lazy\" decoding=\"async\" width=\"150\" height=\"100\" src=\"https:\/\/navisence.ch\/wp-content\/uploads\/2024\/07\/DJI_0819.jpg\" class=\"attachment-thumbnail size-thumbnail\" alt=\"\" srcset=\"https:\/\/navisence.ch\/wp-content\/uploads\/2024\/07\/DJI_0819.jpg 3000w, https:\/\/navisence.ch\/wp-content\/uploads\/2024\/07\/DJI_0819-500x333.jpg 500w, https:\/\/navisence.ch\/wp-content\/uploads\/2024\/07\/DJI_0819-800x533.jpg 800w, https:\/\/navisence.ch\/wp-content\/uploads\/2024\/07\/DJI_0819-1280x853.jpg 1280w, https:\/\/navisence.ch\/wp-content\/uploads\/2024\/07\/DJI_0819-1920x1279.jpg 1920w\" sizes=\"auto, 100vw\" \/><\/a>\n\t\t\t<\/div><\/figure><figure class='gallery-item'>\n\t\t\t<div class='gallery-icon landscape'>\n\t\t\t\t<a href='https:\/\/navisence.ch\/698\/'><img loading=\"lazy\" decoding=\"async\" width=\"150\" height=\"100\" src=\"https:\/\/navisence.ch\/wp-content\/uploads\/2024\/07\/DJI_0826.jpg\" class=\"attachment-thumbnail size-thumbnail\" alt=\"\" srcset=\"https:\/\/navisence.ch\/wp-content\/uploads\/2024\/07\/DJI_0826.jpg 3000w, https:\/\/navisence.ch\/wp-content\/uploads\/2024\/07\/DJI_0826-500x333.jpg 500w, https:\/\/navisence.ch\/wp-content\/uploads\/2024\/07\/DJI_0826-800x533.jpg 800w, https:\/\/navisence.ch\/wp-content\/uploads\/2024\/07\/DJI_0826-1280x853.jpg 1280w, https:\/\/navisence.ch\/wp-content\/uploads\/2024\/07\/DJI_0826-1920x1279.jpg 1920w\" sizes=\"auto, 100vw\" \/><\/a>\n\t\t\t<\/div><\/figure><figure class='gallery-item'>\n\t\t\t<div class='gallery-icon landscape'>\n\t\t\t\t<a href='https:\/\/navisence.ch\/699\/'><img loading=\"lazy\" decoding=\"async\" width=\"150\" height=\"100\" src=\"https:\/\/navisence.ch\/wp-content\/uploads\/2024\/07\/DJI_0831.jpg\" class=\"attachment-thumbnail size-thumbnail\" alt=\"\" srcset=\"https:\/\/navisence.ch\/wp-content\/uploads\/2024\/07\/DJI_0831.jpg 3000w, https:\/\/navisence.ch\/wp-content\/uploads\/2024\/07\/DJI_0831-500x333.jpg 500w, https:\/\/navisence.ch\/wp-content\/uploads\/2024\/07\/DJI_0831-800x533.jpg 800w, https:\/\/navisence.ch\/wp-content\/uploads\/2024\/07\/DJI_0831-1280x853.jpg 1280w, https:\/\/navisence.ch\/wp-content\/uploads\/2024\/07\/DJI_0831-1920x1279.jpg 1920w\" sizes=\"auto, 100vw\" \/><\/a>\n\t\t\t<\/div><\/figure><figure class='gallery-item'>\n\t\t\t<div class='gallery-icon landscape'>\n\t\t\t\t<a href='https:\/\/navisence.ch\/700\/'><img loading=\"lazy\" decoding=\"async\" width=\"150\" height=\"100\" src=\"https:\/\/navisence.ch\/wp-content\/uploads\/2024\/07\/DJI_0834.jpg\" class=\"attachment-thumbnail size-thumbnail\" alt=\"\" aria-describedby=\"gallery-1-700\" srcset=\"https:\/\/navisence.ch\/wp-content\/uploads\/2024\/07\/DJI_0834.jpg 3000w, https:\/\/navisence.ch\/wp-content\/uploads\/2024\/07\/DJI_0834-500x333.jpg 500w, https:\/\/navisence.ch\/wp-content\/uploads\/2024\/07\/DJI_0834-800x533.jpg 800w, https:\/\/navisence.ch\/wp-content\/uploads\/2024\/07\/DJI_0834-1280x853.jpg 1280w, https:\/\/navisence.ch\/wp-content\/uploads\/2024\/07\/DJI_0834-1920x1279.jpg 1920w\" sizes=\"auto, 100vw\" \/><\/a>\n\t\t\t<\/div>\n\t\t\t\t<figcaption class='wp-caption-text gallery-caption' id='gallery-1-700'>\n\t\t\t\tPlat de La L\u00e9\n\t\t\t\t<\/figcaption><\/figure><figure class='gallery-item'>\n\t\t\t<div class='gallery-icon landscape'>\n\t\t\t\t<a href='https:\/\/navisence.ch\/701\/'><img loading=\"lazy\" decoding=\"async\" width=\"150\" height=\"100\" src=\"https:\/\/navisence.ch\/wp-content\/uploads\/2024\/07\/DJI_0841.jpg\" class=\"attachment-thumbnail size-thumbnail\" alt=\"\" srcset=\"https:\/\/navisence.ch\/wp-content\/uploads\/2024\/07\/DJI_0841.jpg 3000w, https:\/\/navisence.ch\/wp-content\/uploads\/2024\/07\/DJI_0841-500x333.jpg 500w, https:\/\/navisence.ch\/wp-content\/uploads\/2024\/07\/DJI_0841-800x533.jpg 800w, https:\/\/navisence.ch\/wp-content\/uploads\/2024\/07\/DJI_0841-1280x853.jpg 1280w, https:\/\/navisence.ch\/wp-content\/uploads\/2024\/07\/DJI_0841-1920x1279.jpg 1920w\" sizes=\"auto, 100vw\" \/><\/a>\n\t\t\t<\/div><\/figure><figure class='gallery-item'>\n\t\t\t<div class='gallery-icon landscape'>\n\t\t\t\t<a href='https:\/\/navisence.ch\/702\/'><img loading=\"lazy\" decoding=\"async\" width=\"150\" height=\"100\" src=\"https:\/\/navisence.ch\/wp-content\/uploads\/2024\/07\/DJI_0025.jpg\" class=\"attachment-thumbnail size-thumbnail\" alt=\"\" srcset=\"https:\/\/navisence.ch\/wp-content\/uploads\/2024\/07\/DJI_0025.jpg 3000w, https:\/\/navisence.ch\/wp-content\/uploads\/2024\/07\/DJI_0025-500x333.jpg 500w, https:\/\/navisence.ch\/wp-content\/uploads\/2024\/07\/DJI_0025-800x533.jpg 800w, https:\/\/navisence.ch\/wp-content\/uploads\/2024\/07\/DJI_0025-1280x853.jpg 1280w, https:\/\/navisence.ch\/wp-content\/uploads\/2024\/07\/DJI_0025-1920x1279.jpg 1920w\" sizes=\"auto, 100vw\" \/><\/a>\n\t\t\t<\/div><\/figure><figure class='gallery-item'>\n\t\t\t<div class='gallery-icon landscape'>\n\t\t\t\t<a href='https:\/\/navisence.ch\/703\/'><img loading=\"lazy\" decoding=\"async\" width=\"150\" height=\"100\" src=\"https:\/\/navisence.ch\/wp-content\/uploads\/2024\/07\/DJI_0033.jpg\" class=\"attachment-thumbnail size-thumbnail\" alt=\"\" aria-describedby=\"gallery-1-703\" srcset=\"https:\/\/navisence.ch\/wp-content\/uploads\/2024\/07\/DJI_0033.jpg 3000w, https:\/\/navisence.ch\/wp-content\/uploads\/2024\/07\/DJI_0033-500x333.jpg 500w, https:\/\/navisence.ch\/wp-content\/uploads\/2024\/07\/DJI_0033-800x533.jpg 800w, https:\/\/navisence.ch\/wp-content\/uploads\/2024\/07\/DJI_0033-1280x853.jpg 1280w, https:\/\/navisence.ch\/wp-content\/uploads\/2024\/07\/DJI_0033-1920x1280.jpg 1920w\" sizes=\"auto, 100vw\" \/><\/a>\n\t\t\t<\/div>\n\t\t\t\t<figcaption class='wp-caption-text gallery-caption' id='gallery-1-703'>\n\t\t\t\tPlat de La L\u00e9\n\t\t\t\t<\/figcaption><\/figure><figure class='gallery-item'>\n\t\t\t<div class='gallery-icon landscape'>\n\t\t\t\t<a href='https:\/\/navisence.ch\/704\/'><img loading=\"lazy\" decoding=\"async\" width=\"150\" height=\"100\" src=\"https:\/\/navisence.ch\/wp-content\/uploads\/2024\/07\/DJI_0035.jpg\" class=\"attachment-thumbnail size-thumbnail\" alt=\"\" srcset=\"https:\/\/navisence.ch\/wp-content\/uploads\/2024\/07\/DJI_0035.jpg 3000w, https:\/\/navisence.ch\/wp-content\/uploads\/2024\/07\/DJI_0035-500x333.jpg 500w, https:\/\/navisence.ch\/wp-content\/uploads\/2024\/07\/DJI_0035-800x533.jpg 800w, https:\/\/navisence.ch\/wp-content\/uploads\/2024\/07\/DJI_0035-1280x853.jpg 1280w, https:\/\/navisence.ch\/wp-content\/uploads\/2024\/07\/DJI_0035-1920x1279.jpg 1920w\" sizes=\"auto, 100vw\" \/><\/a>\n\t\t\t<\/div><\/figure><figure class='gallery-item'>\n\t\t\t<div class='gallery-icon portrait'>\n\t\t\t\t<a href='https:\/\/navisence.ch\/705\/'><img loading=\"lazy\" decoding=\"async\" width=\"120\" height=\"150\" src=\"https:\/\/navisence.ch\/wp-content\/uploads\/2024\/07\/DJI_0037.jpg\" class=\"attachment-thumbnail size-thumbnail\" alt=\"\" srcset=\"https:\/\/navisence.ch\/wp-content\/uploads\/2024\/07\/DJI_0037.jpg 2400w, https:\/\/navisence.ch\/wp-content\/uploads\/2024\/07\/DJI_0037-500x625.jpg 500w, https:\/\/navisence.ch\/wp-content\/uploads\/2024\/07\/DJI_0037-800x1000.jpg 800w, https:\/\/navisence.ch\/wp-content\/uploads\/2024\/07\/DJI_0037-1280x1600.jpg 1280w, https:\/\/navisence.ch\/wp-content\/uploads\/2024\/07\/DJI_0037-1920x2400.jpg 1920w\" sizes=\"auto, 100vw\" \/><\/a>\n\t\t\t<\/div><\/figure><figure class='gallery-item'>\n\t\t\t<div class='gallery-icon landscape'>\n\t\t\t\t<a href='https:\/\/navisence.ch\/706\/'><img loading=\"lazy\" decoding=\"async\" width=\"150\" height=\"100\" src=\"https:\/\/navisence.ch\/wp-content\/uploads\/2024\/07\/DJI_0040.jpg\" class=\"attachment-thumbnail size-thumbnail\" alt=\"\" srcset=\"https:\/\/navisence.ch\/wp-content\/uploads\/2024\/07\/DJI_0040.jpg 3000w, https:\/\/navisence.ch\/wp-content\/uploads\/2024\/07\/DJI_0040-500x333.jpg 500w, https:\/\/navisence.ch\/wp-content\/uploads\/2024\/07\/DJI_0040-800x533.jpg 800w, https:\/\/navisence.ch\/wp-content\/uploads\/2024\/07\/DJI_0040-1280x853.jpg 1280w, https:\/\/navisence.ch\/wp-content\/uploads\/2024\/07\/DJI_0040-1920x1279.jpg 1920w\" sizes=\"auto, 100vw\" \/><\/a>\n\t\t\t<\/div><\/figure><figure class='gallery-item'>\n\t\t\t<div class='gallery-icon landscape'>\n\t\t\t\t<a href='https:\/\/navisence.ch\/707\/'><img loading=\"lazy\" decoding=\"async\" width=\"150\" height=\"100\" src=\"https:\/\/navisence.ch\/wp-content\/uploads\/2024\/07\/DJI_0049-1.jpg\" class=\"attachment-thumbnail size-thumbnail\" alt=\"\" aria-describedby=\"gallery-1-707\" srcset=\"https:\/\/navisence.ch\/wp-content\/uploads\/2024\/07\/DJI_0049-1.jpg 3000w, https:\/\/navisence.ch\/wp-content\/uploads\/2024\/07\/DJI_0049-1-500x333.jpg 500w, https:\/\/navisence.ch\/wp-content\/uploads\/2024\/07\/DJI_0049-1-800x533.jpg 800w, https:\/\/navisence.ch\/wp-content\/uploads\/2024\/07\/DJI_0049-1-1280x853.jpg 1280w, https:\/\/navisence.ch\/wp-content\/uploads\/2024\/07\/DJI_0049-1-1920x1279.jpg 1920w\" sizes=\"auto, 100vw\" \/><\/a>\n\t\t\t<\/div>\n\t\t\t\t<figcaption class='wp-caption-text gallery-caption' id='gallery-1-707'>\n\t\t\t\tPlat de La L\u00e9\n\t\t\t\t<\/figcaption><\/figure><figure class='gallery-item'>\n\t\t\t<div class='gallery-icon landscape'>\n\t\t\t\t<a href='https:\/\/navisence.ch\/708\/'><img loading=\"lazy\" decoding=\"async\" width=\"150\" height=\"100\" src=\"https:\/\/navisence.ch\/wp-content\/uploads\/2024\/07\/DJI_0056-1.jpg\" class=\"attachment-thumbnail size-thumbnail\" alt=\"\" srcset=\"https:\/\/navisence.ch\/wp-content\/uploads\/2024\/07\/DJI_0056-1.jpg 3000w, https:\/\/navisence.ch\/wp-content\/uploads\/2024\/07\/DJI_0056-1-500x333.jpg 500w, https:\/\/navisence.ch\/wp-content\/uploads\/2024\/07\/DJI_0056-1-800x533.jpg 800w, https:\/\/navisence.ch\/wp-content\/uploads\/2024\/07\/DJI_0056-1-1280x853.jpg 1280w, https:\/\/navisence.ch\/wp-content\/uploads\/2024\/07\/DJI_0056-1-1920x1280.jpg 1920w\" sizes=\"auto, 100vw\" \/><\/a>\n\t\t\t<\/div><\/figure><figure class='gallery-item'>\n\t\t\t<div class='gallery-icon portrait'>\n\t\t\t\t<a href='https:\/\/navisence.ch\/709\/'><img loading=\"lazy\" decoding=\"async\" width=\"113\" height=\"150\" src=\"https:\/\/navisence.ch\/wp-content\/uploads\/2024\/07\/2018-07-04-15.31.34.jpg\" class=\"attachment-thumbnail size-thumbnail\" alt=\"\" srcset=\"https:\/\/navisence.ch\/wp-content\/uploads\/2024\/07\/2018-07-04-15.31.34.jpg 2250w, https:\/\/navisence.ch\/wp-content\/uploads\/2024\/07\/2018-07-04-15.31.34-500x667.jpg 500w, https:\/\/navisence.ch\/wp-content\/uploads\/2024\/07\/2018-07-04-15.31.34-800x1067.jpg 800w, https:\/\/navisence.ch\/wp-content\/uploads\/2024\/07\/2018-07-04-15.31.34-1280x1707.jpg 1280w, https:\/\/navisence.ch\/wp-content\/uploads\/2024\/07\/2018-07-04-15.31.34-1920x2560.jpg 1920w\" sizes=\"auto, 100vw\" \/><\/a>\n\t\t\t<\/div><\/figure><figure class='gallery-item'>\n\t\t\t<div class='gallery-icon landscape'>\n\t\t\t\t<a href='https:\/\/navisence.ch\/710\/'><img loading=\"lazy\" decoding=\"async\" width=\"150\" height=\"100\" src=\"https:\/\/navisence.ch\/wp-content\/uploads\/2024\/07\/DSC_2681.jpg\" class=\"attachment-thumbnail size-thumbnail\" alt=\"\" srcset=\"https:\/\/navisence.ch\/wp-content\/uploads\/2024\/07\/DSC_2681.jpg 3000w, https:\/\/navisence.ch\/wp-content\/uploads\/2024\/07\/DSC_2681-500x333.jpg 500w, https:\/\/navisence.ch\/wp-content\/uploads\/2024\/07\/DSC_2681-800x533.jpg 800w, https:\/\/navisence.ch\/wp-content\/uploads\/2024\/07\/DSC_2681-1280x853.jpg 1280w, https:\/\/navisence.ch\/wp-content\/uploads\/2024\/07\/DSC_2681-1920x1280.jpg 1920w\" sizes=\"auto, 100vw\" \/><\/a>\n\t\t\t<\/div><\/figure><figure class='gallery-item'>\n\t\t\t<div class='gallery-icon landscape'>\n\t\t\t\t<a href='https:\/\/navisence.ch\/711\/'><img loading=\"lazy\" decoding=\"async\" width=\"150\" height=\"100\" src=\"https:\/\/navisence.ch\/wp-content\/uploads\/2024\/07\/DSC_2724.jpg\" class=\"attachment-thumbnail size-thumbnail\" alt=\"\" srcset=\"https:\/\/navisence.ch\/wp-content\/uploads\/2024\/07\/DSC_2724.jpg 3000w, https:\/\/navisence.ch\/wp-content\/uploads\/2024\/07\/DSC_2724-500x333.jpg 500w, https:\/\/navisence.ch\/wp-content\/uploads\/2024\/07\/DSC_2724-800x533.jpg 800w, https:\/\/navisence.ch\/wp-content\/uploads\/2024\/07\/DSC_2724-1280x853.jpg 1280w, https:\/\/navisence.ch\/wp-content\/uploads\/2024\/07\/DSC_2724-1920x1280.jpg 1920w\" sizes=\"auto, 100vw\" \/><\/a>\n\t\t\t<\/div><\/figure><figure class='gallery-item'>\n\t\t\t<div class='gallery-icon landscape'>\n\t\t\t\t<a href='https:\/\/navisence.ch\/716\/'><img loading=\"lazy\" decoding=\"async\" width=\"150\" height=\"100\" src=\"https:\/\/navisence.ch\/wp-content\/uploads\/2024\/07\/DSC_2676.jpg\" class=\"attachment-thumbnail size-thumbnail\" alt=\"\" srcset=\"https:\/\/navisence.ch\/wp-content\/uploads\/2024\/07\/DSC_2676.jpg 3000w, https:\/\/navisence.ch\/wp-content\/uploads\/2024\/07\/DSC_2676-500x333.jpg 500w, https:\/\/navisence.ch\/wp-content\/uploads\/2024\/07\/DSC_2676-800x533.jpg 800w, https:\/\/navisence.ch\/wp-content\/uploads\/2024\/07\/DSC_2676-1280x853.jpg 1280w, https:\/\/navisence.ch\/wp-content\/uploads\/2024\/07\/DSC_2676-1920x1280.jpg 1920w\" sizes=\"auto, 100vw\" \/><\/a>\n\t\t\t<\/div><\/figure><figure class='gallery-item'>\n\t\t\t<div class='gallery-icon landscape'>\n\t\t\t\t<a href='https:\/\/navisence.ch\/717\/'><img loading=\"lazy\" decoding=\"async\" width=\"150\" height=\"100\" src=\"https:\/\/navisence.ch\/wp-content\/uploads\/2024\/07\/DSC_2742.jpg\" class=\"attachment-thumbnail size-thumbnail\" alt=\"\" srcset=\"https:\/\/navisence.ch\/wp-content\/uploads\/2024\/07\/DSC_2742.jpg 3000w, https:\/\/navisence.ch\/wp-content\/uploads\/2024\/07\/DSC_2742-500x333.jpg 500w, https:\/\/navisence.ch\/wp-content\/uploads\/2024\/07\/DSC_2742-800x533.jpg 800w, https:\/\/navisence.ch\/wp-content\/uploads\/2024\/07\/DSC_2742-1280x853.jpg 1280w, https:\/\/navisence.ch\/wp-content\/uploads\/2024\/07\/DSC_2742-1920x1280.jpg 1920w\" sizes=\"auto, 100vw\" \/><\/a>\n\t\t\t<\/div><\/figure><figure class='gallery-item'>\n\t\t\t<div class='gallery-icon landscape'>\n\t\t\t\t<a href='https:\/\/navisence.ch\/754\/'><img loading=\"lazy\" decoding=\"async\" width=\"150\" height=\"100\" src=\"https:\/\/navisence.ch\/wp-content\/uploads\/2024\/08\/DSC_2665.jpg\" class=\"attachment-thumbnail size-thumbnail\" alt=\"\" srcset=\"https:\/\/navisence.ch\/wp-content\/uploads\/2024\/08\/DSC_2665.jpg 3000w, https:\/\/navisence.ch\/wp-content\/uploads\/2024\/08\/DSC_2665-500x333.jpg 500w, https:\/\/navisence.ch\/wp-content\/uploads\/2024\/08\/DSC_2665-800x533.jpg 800w, https:\/\/navisence.ch\/wp-content\/uploads\/2024\/08\/DSC_2665-1280x853.jpg 1280w, https:\/\/navisence.ch\/wp-content\/uploads\/2024\/08\/DSC_2665-1920x1280.jpg 1920w\" sizes=\"auto, 100vw\" \/><\/a>\n\t\t\t<\/div><\/figure>\n\t\t<\/div>\n\n\n\n\n<hr class=\"wp-block-separator has-alpha-channel-opacity\"\/>\n\n\n\n<p>Vid\u00e9o tourn\u00e9e le 4 juillet 2018 apr\u00e8s la crue :<\/p>\n\n\n\n<figure class=\"wp-block-embed is-type-video is-provider-youtube wp-block-embed-youtube wp-embed-aspect-16-9 wp-has-aspect-ratio\"><div class=\"wp-block-embed__wrapper\">\n<iframe loading=\"lazy\" title=\"Zinal Navisence River after Flood - 04.07.2018\" width=\"525\" height=\"295\" src=\"https:\/\/www.youtube.com\/embed\/8ggPBfMQR_Q?feature=oembed\" frameborder=\"0\" allow=\"accelerometer; autoplay; clipboard-write; encrypted-media; gyroscope; picture-in-picture; web-share\" referrerpolicy=\"strict-origin-when-cross-origin\" allowfullscreen><\/iframe>\n<\/div><\/figure>\n","protected":false},"excerpt":{"rendered":"<p>Photos prises aux Plats de la L\u00e9 apr\u00e8s la crue exceptionnelle du 2 juillet 2018. Vid\u00e9o tourn\u00e9e le 4 juillet 2018 apr\u00e8s la crue :<\/p>\n","protected":false},"author":1,"featured_media":0,"parent":249,"menu_order":0,"comment_status":"closed","ping_status":"closed","template":"","meta":{"_vp_format_video_url":"","_vp_image_focal_point":[],"footnotes":""},"class_list":["post-682","page","type-page","status-publish","hentry"],"_links":{"self":[{"href":"https:\/\/navisence.ch\/index.php\/wp-json\/wp\/v2\/pages\/682","targetHints":{"allow":["GET"]}}],"collection":[{"href":"https:\/\/navisence.ch\/index.php\/wp-json\/wp\/v2\/pages"}],"about":[{"href":"https:\/\/navisence.ch\/index.php\/wp-json\/wp\/v2\/types\/page"}],"author":[{"embeddable":true,"href":"https:\/\/navisence.ch\/index.php\/wp-json\/wp\/v2\/users\/1"}],"replies":[{"embeddable":true,"href":"https:\/\/navisence.ch\/index.php\/wp-json\/wp\/v2\/comments?post=682"}],"version-history":[{"count":3,"href":"https:\/\/navisence.ch\/index.php\/wp-json\/wp\/v2\/pages\/682\/revisions"}],"predecessor-version":[{"id":722,"href":"https:\/\/navisence.ch\/index.php\/wp-json\/wp\/v2\/pages\/682\/revisions\/722"}],"up":[{"embeddable":true,"href":"https:\/\/navisence.ch\/index.php\/wp-json\/wp\/v2\/pages\/249"}],"wp:attachment":[{"href":"https:\/\/navisence.ch\/index.php\/wp-json\/wp\/v2\/media?parent=682"}],"curies":[{"name":"wp","href":"https:\/\/api.w.org\/{rel}","templated":true}]}}