{"id":33,"date":"2024-07-01T10:53:14","date_gmt":"2024-07-01T10:53:14","guid":{"rendered":"https:\/\/navisence.ch\/?page_id=33"},"modified":"2026-02-19T09:23:42","modified_gmt":"2026-02-19T09:23:42","slug":"projet","status":"publish","type":"page","link":"https:\/\/navisence.ch\/index.php\/projet\/","title":{"rendered":"Projet"},"content":{"rendered":"\n<p>La Navisence constitue un laboratoire \u00e0 ciel ouvert qui nous aide \u00e0 mieux comprendre la fa\u00e7on dont d\u00e9bits liquides, transport de s\u00e9diment et de d\u00e9bris v\u00e9g\u00e9taux varient au cours de l&rsquo;ann\u00e9e. La fonte des neiges et les pr\u00e9cipitations abondantes peuvent engendrer des d\u00e9bits importants, lesquels se caract\u00e9risent par un transport massif de s\u00e9diments. Dans les cas extr\u00eames, ces \u00e9pisodes repr\u00e9sentent un danger pour la population alentour. L&rsquo;\u00e9tude hydro-s\u00e9dimentaire de la Navisence vise \u00e0 terme \u00e0 fournir des outils de pr\u00e9vision des crues et des mod\u00e8les de pr\u00e9diction du transport de s\u00e9diment (et de bois flottants), deux objectifs qui sont particuli\u00e8rement ardus en milieu montagnard pour de multiples raisons que nous cherchons \u00e0 \u00e9lucider.<\/p>\n\n\n\n<figure class=\"wp-block-image size-large\"><img decoding=\"async\" src=\"https:\/\/navisence.ch\/wp-content\/uploads\/2024\/07\/DJI_20240626160359_0033_D_3000px-1.jpg\" alt=\"\" style=\"object-fit:cover\"\/><figcaption class=\"wp-element-caption\">Tressage de la Navisence sur les Plats de la L\u00e9 (26.06.2024)<\/figcaption><\/figure>\n\n\n\n<h4 class=\"wp-block-heading\"><strong>Les Plats de la L\u00e9 \u00e0 Zinal<\/strong><\/h4>\n\n\n\n<p>Le long de la plaine alluviale des Plats de la L\u00e9, la Navisence a une pente de <strong>3&nbsp;%<\/strong>, bien inf\u00e9rieure \u00e0 la pente moyenne de <strong>10&nbsp;%<\/strong> entre sa source (le pied du glacier de Zinal) et l&rsquo;amont du Plat de la L\u00e9. A cause de cette r\u00e9duction de pente, le d\u00e9bit de la rivi\u00e8re ne permet plus d&rsquo;entra\u00eener tous les s\u00e9diments provenant de l&rsquo;amont, ce qui entra\u00eene l&rsquo;apparition de bancs altern\u00e9s compos\u00e9s de mat\u00e9riaux divers (sable, graviers, blocs de diff\u00e9rentes tailles, bois morts). Ces mat\u00e9riaux ne peuvent \u00eatre mobilis\u00e9s que lorsque le d\u00e9bit augmente de mani\u00e8re consid\u00e9rable. Il en r\u00e9sulte un lit en tresses qui s&rsquo;\u00e9tend sur plusieurs dizaines de m\u00e8tres de largeur. Sur le tron\u00e7on \u00e9tudi\u00e9 long de 1700&nbsp;m, la largeur moyenne du lit majeur est pass\u00e9e de <strong>62 \u00e0 76&nbsp;m<\/strong> apr\u00e8s les <a href=\"https:\/\/navisence.ch\/index.php\/galerie\/crues-2024\/\">crues morphog\u00e8nes survenues en juin 2024<\/a>.<\/p>\n\n\n\n<p>En l&rsquo;absence d&rsquo;interventions humaines, l&rsquo;\u00e9volution du tressage de la rivi\u00e8re est dict\u00e9e uniquement par les processus naturels. Si les pr\u00e9cipitations et la fonte des neiges sont les principaux facteurs d&rsquo;influence, la saturation des sols, la v\u00e9g\u00e9tation ou les laves torrentielles peuvent aussi jouer un r\u00f4le.<\/p>\n\n\n\n<h4 class=\"wp-block-heading\"><strong>Comment \u00ab\u00a0enregistrer\u00a0\u00bb la rivi\u00e8re ?<\/strong><\/h4>\n\n\n\n<p>Diff\u00e9rents dispositifs sont d\u00e9ploy\u00e9s afin de recueillir un maximum d\u2019informations sur le comportement de la rivi\u00e8re :<\/p>\n\n\n\n<div class=\"wp-block-columns is-layout-flex wp-container-core-columns-is-layout-9d6595d7 wp-block-columns-is-layout-flex\">\n<div class=\"wp-block-column is-layout-flow wp-block-column-is-layout-flow\" style=\"flex-basis:33.33%\"><\/div>\n\n\n\n<div class=\"wp-block-column is-layout-flow wp-block-column-is-layout-flow\" style=\"flex-basis:66.66%\">\n<ul class=\"wp-block-list\">\n<li>mesure continue du d\u00e9bit gr\u00e2ce \u00e0 un capteur de hauteur d\u2019eau (station communale)\u00a0;<\/li>\n\n\n\n<li><span style=\"font-size: revert;\">mesure continue du transport de s\u00e9diments gr\u00e2ce \u00e0 un syst\u00e8me de 12 g\u00e9ophones \u00e0 plaques ;<\/span><\/li>\n\n\n\n<li><span style=\"font-size: revert;\">relev\u00e9s topographiques effectu\u00e9s par drone ;<\/span><\/li>\n\n\n\n<li><span style=\"font-size: revert;\">mesures de la granulom\u00e9trie de surface ;<\/span><\/li>\n\n\n\n<li><span style=\"font-size: revert;\">mesures de d\u00e9bits par sonde de conductivit\u00e9 ou profileur de courant \u00e0 effet Doppler (ADCP) ;<\/span><\/li>\n\n\n\n<li>cam\u00e9ra de surveillance dominant la plaine alluviale.<\/li>\n<\/ul>\n<\/div>\n<\/div>\n\n\n\n<figure class=\"wp-block-gallery has-nested-images columns-3 is-cropped wp-block-gallery-1 is-layout-flex wp-block-gallery-is-layout-flex\">\n<figure class=\"wp-block-image size-large\"><img loading=\"lazy\" decoding=\"async\" width=\"1024\" height=\"683\" data-id=\"185\" src=\"https:\/\/navisence.ch\/wp-content\/uploads\/2024\/07\/2019-09-30-12.32.06_3000px-1024x683.jpg\" alt=\"\" class=\"wp-image-185\" srcset=\"https:\/\/navisence.ch\/wp-content\/uploads\/2024\/07\/2019-09-30-12.32.06_3000px-1024x683.jpg 1024w, https:\/\/navisence.ch\/wp-content\/uploads\/2024\/07\/2019-09-30-12.32.06_3000px-300x200.jpg 300w, https:\/\/navisence.ch\/wp-content\/uploads\/2024\/07\/2019-09-30-12.32.06_3000px-768x512.jpg 768w, https:\/\/navisence.ch\/wp-content\/uploads\/2024\/07\/2019-09-30-12.32.06_3000px-1536x1024.jpg 1536w, https:\/\/navisence.ch\/wp-content\/uploads\/2024\/07\/2019-09-30-12.32.06_3000px-2048x1365.jpg 2048w\" sizes=\"auto, (max-width: 767px) 89vw, (max-width: 1000px) 54vw, (max-width: 1071px) 543px, 580px\" \/><\/figure>\n\n\n\n<figure class=\"wp-block-image size-large\"><img decoding=\"async\" src=\"https:\/\/navisence.ch\/wp-content\/uploads\/2024\/07\/DSC_9794_3000px-scaled.jpg\" alt=\"\"\/><\/figure>\n\n\n\n<figure class=\"wp-block-image size-large\"><img loading=\"lazy\" decoding=\"async\" width=\"1024\" height=\"683\" data-id=\"222\" src=\"https:\/\/navisence.ch\/wp-content\/uploads\/2024\/07\/DSC_7063_3000px-1024x683.jpg\" alt=\"\" class=\"wp-image-222\" srcset=\"https:\/\/navisence.ch\/wp-content\/uploads\/2024\/07\/DSC_7063_3000px-1024x683.jpg 1024w, https:\/\/navisence.ch\/wp-content\/uploads\/2024\/07\/DSC_7063_3000px-300x200.jpg 300w, https:\/\/navisence.ch\/wp-content\/uploads\/2024\/07\/DSC_7063_3000px-768x512.jpg 768w, https:\/\/navisence.ch\/wp-content\/uploads\/2024\/07\/DSC_7063_3000px-1536x1024.jpg 1536w, https:\/\/navisence.ch\/wp-content\/uploads\/2024\/07\/DSC_7063_3000px-2048x1365.jpg 2048w\" sizes=\"auto, (max-width: 767px) 89vw, (max-width: 1000px) 54vw, (max-width: 1071px) 543px, 580px\" \/><\/figure>\n\n\n\n<figure class=\"wp-block-image size-large\"><img loading=\"lazy\" decoding=\"async\" width=\"1024\" height=\"683\" data-id=\"188\" src=\"https:\/\/navisence.ch\/wp-content\/uploads\/2024\/07\/2019-10-23-16.53.44_3000px-1024x683.jpg\" alt=\"\" class=\"wp-image-188\" srcset=\"https:\/\/navisence.ch\/wp-content\/uploads\/2024\/07\/2019-10-23-16.53.44_3000px-1024x683.jpg 1024w, https:\/\/navisence.ch\/wp-content\/uploads\/2024\/07\/2019-10-23-16.53.44_3000px-300x200.jpg 300w, https:\/\/navisence.ch\/wp-content\/uploads\/2024\/07\/2019-10-23-16.53.44_3000px-768x512.jpg 768w, https:\/\/navisence.ch\/wp-content\/uploads\/2024\/07\/2019-10-23-16.53.44_3000px-1536x1024.jpg 1536w, https:\/\/navisence.ch\/wp-content\/uploads\/2024\/07\/2019-10-23-16.53.44_3000px-2048x1365.jpg 2048w\" sizes=\"auto, (max-width: 767px) 89vw, (max-width: 1000px) 54vw, (max-width: 1071px) 543px, 580px\" \/><\/figure>\n\n\n\n<figure class=\"wp-block-image size-large\"><img loading=\"lazy\" decoding=\"async\" width=\"1024\" height=\"683\" data-id=\"190\" src=\"https:\/\/navisence.ch\/wp-content\/uploads\/2024\/07\/2022-07-05-13.13.56_3000px-1024x683.jpg\" alt=\"\" class=\"wp-image-190\" srcset=\"https:\/\/navisence.ch\/wp-content\/uploads\/2024\/07\/2022-07-05-13.13.56_3000px-1024x683.jpg 1024w, https:\/\/navisence.ch\/wp-content\/uploads\/2024\/07\/2022-07-05-13.13.56_3000px-300x200.jpg 300w, https:\/\/navisence.ch\/wp-content\/uploads\/2024\/07\/2022-07-05-13.13.56_3000px-768x512.jpg 768w, https:\/\/navisence.ch\/wp-content\/uploads\/2024\/07\/2022-07-05-13.13.56_3000px-1536x1024.jpg 1536w, https:\/\/navisence.ch\/wp-content\/uploads\/2024\/07\/2022-07-05-13.13.56_3000px-2048x1365.jpg 2048w\" sizes=\"auto, (max-width: 767px) 89vw, (max-width: 1000px) 54vw, (max-width: 1071px) 543px, 580px\" \/><\/figure>\n<\/figure>\n","protected":false},"excerpt":{"rendered":"<p>La Navisence constitue un laboratoire \u00e0 ciel ouvert qui nous aide \u00e0 mieux comprendre la fa\u00e7on dont d\u00e9bits liquides, transport de s\u00e9diment et de d\u00e9bris v\u00e9g\u00e9taux varient au cours de l&rsquo;ann\u00e9e. La fonte des neiges et les pr\u00e9cipitations abondantes peuvent engendrer des d\u00e9bits importants, lesquels se caract\u00e9risent par un transport massif de s\u00e9diments. Dans les &hellip; <\/p>\n<p class=\"link-more\"><a href=\"https:\/\/navisence.ch\/index.php\/projet\/\" class=\"more-link\">Continuer la lecture<span class=\"screen-reader-text\"> de &laquo;&nbsp;Projet&nbsp;&raquo;<\/span><\/a><\/p>\n","protected":false},"author":1,"featured_media":0,"parent":0,"menu_order":0,"comment_status":"closed","ping_status":"closed","template":"","meta":{"_vp_format_video_url":"","_vp_image_focal_point":[],"footnotes":""},"class_list":["post-33","page","type-page","status-publish","hentry"],"_links":{"self":[{"href":"https:\/\/navisence.ch\/index.php\/wp-json\/wp\/v2\/pages\/33","targetHints":{"allow":["GET"]}}],"collection":[{"href":"https:\/\/navisence.ch\/index.php\/wp-json\/wp\/v2\/pages"}],"about":[{"href":"https:\/\/navisence.ch\/index.php\/wp-json\/wp\/v2\/types\/page"}],"author":[{"embeddable":true,"href":"https:\/\/navisence.ch\/index.php\/wp-json\/wp\/v2\/users\/1"}],"replies":[{"embeddable":true,"href":"https:\/\/navisence.ch\/index.php\/wp-json\/wp\/v2\/comments?post=33"}],"version-history":[{"count":44,"href":"https:\/\/navisence.ch\/index.php\/wp-json\/wp\/v2\/pages\/33\/revisions"}],"predecessor-version":[{"id":913,"href":"https:\/\/navisence.ch\/index.php\/wp-json\/wp\/v2\/pages\/33\/revisions\/913"}],"wp:attachment":[{"href":"https:\/\/navisence.ch\/index.php\/wp-json\/wp\/v2\/media?parent=33"}],"curies":[{"name":"wp","href":"https:\/\/api.w.org\/{rel}","templated":true}]}}